{"id":2798,"date":"2024-02-24T15:45:47","date_gmt":"2024-02-24T15:45:47","guid":{"rendered":"https:\/\/liveandstay.pt\/?page_id=2798"},"modified":"2024-02-27T14:23:23","modified_gmt":"2024-02-27T14:23:23","slug":"abrantes-vistas","status":"publish","type":"page","link":"https:\/\/liveandstay.pt\/es\/abrantes-vistas\/","title":{"rendered":"Abrantes"},"content":{"rendered":"<p>[vc_row][vc_column][vc_gallery type=&#8221;image_grid&#8221; images=&#8221;2805,2807,2808,2809,2810,2811,2812,2813,2814,2815,2816,2817,2818,2806&#8243;][vc_column_text]<\/p>\n<p style=\"text-align: right;\">fotografia@CMA<\/p>\n<p>[\/vc_column_text][\/vc_column][\/vc_row][vc_row][vc_column][vc_empty_space height=&#8221;50px&#8221;]\t\t<div class=\"homey-module module-title section-title-module text-left \">\r\n\t\t\t<h2 >Casa da Barca<\/h2>\r\n\r\n\t\t\t<p  class=\"sub-heading\"><\/p>\r\n\t\t<\/div>\r\n\t\t[vc_column_text]<\/p>\n<div align=\"justify\">\n<p class=\"p1\">Casa da Barca, completamente reconstruida, est\u00e1 ubicada en el centro hist\u00f3rico de la ciudad de Abrantes, en una de las calles m\u00e1s antiguas que conectaban el Castillo con el r\u00edo.<\/p>\n<p class=\"p1\">Su ubicaci\u00f3n permite a nuestros hu\u00e9spedes encontrar una variedad de espacios hist\u00f3ricos y disfrutar de peque\u00f1os rincones y miradores de la ciudad, recorri\u00e9ndolo todo a pie.<\/p>\n<\/div>\n<p>[\/vc_column_text][\/vc_column][\/vc_row][vc_row][vc_column][vc_empty_space height=&#8221;50px&#8221;]\t\t<div class=\"homey-module module-title section-title-module text-left \">\r\n\t\t\t<h2 >The Orange Tree Houses<\/h2>\r\n\r\n\t\t\t<p  class=\"sub-heading\"><\/p>\r\n\t\t<\/div>\r\n\t\t[vc_column_text]<\/p>\n<div align=\"justify\">\n<p class=\"p1\">Ubicada en las afueras de la ciudad de Abrantes, en un peque\u00f1o condominio, The Orange Tree Houses es un conjunto de tres casas completamente rehabilitadas que permitieron darle nueva vida a un espacio completamente abandonado y bald\u00edo.<\/p>\n<p class=\"p1\">Para poder disfrutar de la luz de nuestra ciudad se desarroll\u00f3 un patio interior que tambi\u00e9n puede utilizarse como zona de lectura y disfrutar de la tranquilidad de nuestras instalaciones. En este espacio privado, en nuestras tres unidades de alojamiento, podr\u00e1s observar nuestros naranjos que dan nombre a nuestras casas.<\/p>\n<p class=\"p1\">Las Casas Naranjo \u201cTerraza\u201d, \u201cFrente\u201d y \u201cVista Patio\u201d, est\u00e1n decoradas de manera moderna y contempor\u00e1nea con todas las comodidades para tener una excelente estad\u00eda, ya sea por ocio o trabajo.<\/p>\n<p class=\"p1\">La posibilidad de guardar motos y bicicletas es un valor a\u00f1adido para nuestro espacio e ideal para quienes est\u00e1n en viaje de negocios o por turismo.<\/p>\n<p class=\"p1\">Aqu\u00ed podr\u00e1 disfrutar de una ubicaci\u00f3n tranquila y protegida, a 5 minutos a pie de la estaci\u00f3n de tren o de las tiendas.<\/p>\n<\/div>\n<p>[\/vc_column_text][vc_empty_space height=&#8221;50px&#8221;][\/vc_column][\/vc_row]<\/p>\n","protected":false},"excerpt":{"rendered":"<p>[vc_row][vc_column][vc_gallery type=&#8221;image_grid&#8221; images=&#8221;2805,2807,2808,2809,2810,2811,2812,2813,2814,2815,2816,2817,2818,2806&#8243;][vc_column_text] fotografia@CMA [\/vc_column_text][\/vc_column][\/vc_row][vc_row][vc_column][vc_empty_space height=&#8221;50px&#8221;][vc_column_text] Casa da Barca, completamente reconstruida, est\u00e1 ubicada en el centro hist\u00f3rico de la ciudad de Abrantes, en una de las calles m\u00e1s antiguas que conectaban el Castillo con el r\u00edo. Su ubicaci\u00f3n permite a nuestros hu\u00e9spedes encontrar una variedad de espacios hist\u00f3ricos y disfrutar de peque\u00f1os rincones y miradores [&hellip;]<\/p>\n","protected":false},"author":1,"featured_media":0,"parent":0,"menu_order":0,"comment_status":"closed","ping_status":"closed","template":"","meta":{"inline_featured_image":false,"footnotes":"","_joinchat":[]},"_links":{"self":[{"href":"https:\/\/liveandstay.pt\/es\/wp-json\/wp\/v2\/pages\/2798"}],"collection":[{"href":"https:\/\/liveandstay.pt\/es\/wp-json\/wp\/v2\/pages"}],"about":[{"href":"https:\/\/liveandstay.pt\/es\/wp-json\/wp\/v2\/types\/page"}],"author":[{"embeddable":true,"href":"https:\/\/liveandstay.pt\/es\/wp-json\/wp\/v2\/users\/1"}],"replies":[{"embeddable":true,"href":"https:\/\/liveandstay.pt\/es\/wp-json\/wp\/v2\/comments?post=2798"}],"version-history":[{"count":12,"href":"https:\/\/liveandstay.pt\/es\/wp-json\/wp\/v2\/pages\/2798\/revisions"}],"predecessor-version":[{"id":2862,"href":"https:\/\/liveandstay.pt\/es\/wp-json\/wp\/v2\/pages\/2798\/revisions\/2862"}],"wp:attachment":[{"href":"https:\/\/liveandstay.pt\/es\/wp-json\/wp\/v2\/media?parent=2798"}],"curies":[{"name":"wp","href":"https:\/\/api.w.org\/{rel}","templated":true}]}}