{"id":3,"date":"2020-12-11T11:30:19","date_gmt":"2020-12-11T11:30:19","guid":{"rendered":"https:\/\/liveandstay.pt\/?page_id=3"},"modified":"2025-02-15T10:07:13","modified_gmt":"2025-02-15T10:07:13","slug":"politica-privacidade","status":"publish","type":"page","link":"https:\/\/liveandstay.pt\/es\/politica-privacidade\/","title":{"rendered":"Pol\u00edtica de Privacidad"},"content":{"rendered":"<div align=\"justify\">\n<p><span style=\"font-weight: 400;\">Su privacidad es muy importante para nosotros.<\/span><\/p>\n<p><span style=\"font-weight: 400;\">LIVE AND STAY, UNIPESSOAL LDA, en adelante <\/span><b><i>Live and Stay<\/i><\/b><span style=\"font-weight: 400;\">, con sede en Avenida M\u00e1rio Soares, Lote 37-B, Oficina 8, 2200-220 Abrantes, 2200-220 Abrantes, NIPC 518.025.365, es una empresa que se dedica, entre otros, a la gesti\u00f3n y explotaci\u00f3n de establecimientos hoteleros de distintos tipos, en concreto alojamiento local, alojamiento amueblado para turistas y alquiler de inmuebles, siendo titular del dominio https:\/\/www.liveandstay.pt\/, donde se encuentra su <\/span><i><span style=\"font-weight: 400;\">WEBSITE<\/span><\/i><span style=\"font-weight: 400;\">.<\/span><\/p>\n<p>&nbsp;<\/p>\n<h2><span style=\"font-weight: 400;\">Generalidades<\/span><\/h2>\n<p><span style=\"font-weight: 400;\">La Pol\u00edtica de Privacidad de <\/span><b><i>Live and Stay<\/i><\/b><span style=\"font-weight: 400;\"> tiene como objetivo respetar y proteger la privacidad de nuestros visitantes y los datos personales de sus clientes y usuarios del sitio web, raz\u00f3n por la cual prepar\u00f3 y adopt\u00f3 esta pol\u00edtica y las pr\u00e1cticas aqu\u00ed descritas. Esta pol\u00edtica de privacidad explica c\u00f3mo se recopilan y procesan sus datos personales, por lo que le recomendamos leerla para conocer las condiciones bajo las cuales se recopilan y utilizan sus datos personales.<\/span><\/p>\n<p><span style=\"font-weight: 400;\">Al acceder o continuar en nuestro sitio web, usted acepta la pol\u00edtica aqu\u00ed establecida.<\/span><\/p>\n<p>&nbsp;<\/p>\n<h2><span style=\"font-weight: 400;\">Datos\/Informaci\u00f3n que Recopilamos<\/span><\/h2>\n<p><span style=\"font-weight: 400;\">Informaci\u00f3n personal como su nombre, direcci\u00f3n, edad, sexo, lugar de nacimiento, correo electr\u00f3nico, n\u00famero de tel\u00e9fono, preferencias y solicitudes espec\u00edficas s\u00f3lo se recogen cuando nos son enviadas a trav\u00e9s de un formulario o similar, declarado antes, durante o despu\u00e9s de la estancia, incluido el intercambio de correspondencia digital.<\/span><\/p>\n<p><span style=\"font-weight: 400;\">Se puede recopilar informaci\u00f3n t\u00e9cnica (como detalles sobre su dispositivo y direcci\u00f3n IP) con fines estad\u00edsticos a trav\u00e9s de Google Analytics, Google Ads y Facebook Pixel.<\/span><\/p>\n<p>&nbsp;<\/p>\n<h2><span style=\"font-weight: 400;\">Uso de Datos\/Informaci\u00f3n Recopilada<\/span><\/h2>\n<p><span style=\"font-weight: 400;\">Para que podamos proporcionarle la informaci\u00f3n solicitada y realizar una reserva, necesitamos recopilar datos personales. Sin embargo, la informaci\u00f3n que recopilamos es segura, con procedimientos de seguridad ajustados. Su informaci\u00f3n personal no se comparte con terceros.<\/span><\/p>\n<p><span style=\"font-weight: 400;\">La informaci\u00f3n recopilada se utiliza para los siguientes fines:<\/span><\/p>\n<ul>\n<li style=\"font-weight: 400;\" aria-level=\"1\"><span style=\"font-weight: 400;\">Hacer una reservaci\u00f3n;<\/span><\/li>\n<li style=\"font-weight: 400;\" aria-level=\"1\"><span style=\"font-weight: 400;\">Cumplimiento de obligaciones legales;<\/span><\/li>\n<li style=\"font-weight: 400;\" aria-level=\"1\"><span style=\"font-weight: 400;\">Mantener un registro de sus datos de contacto;<\/span><\/li>\n<li style=\"font-weight: 400;\" aria-level=\"1\"><span style=\"font-weight: 400;\">Para operaciones y gesti\u00f3n de nuestro <\/span><i><span style=\"font-weight: 400;\">website<\/span><\/i><span style=\"font-weight: 400;\">;<\/span><\/li>\n<li style=\"font-weight: 400;\" aria-level=\"1\"><span style=\"font-weight: 400;\">Analizar y responder a sus mensajes, atenci\u00f3n al cliente y solicitudes de informaci\u00f3n;<\/span><\/li>\n<li style=\"font-weight: 400;\" aria-level=\"1\"><span style=\"font-weight: 400;\">Con fines comerciales, para que podamos enviarle newsletters u otras comunicaciones que puedan ser de su inter\u00e9s;<\/span><\/li>\n<li style=\"font-weight: 400;\" aria-level=\"1\"><span style=\"font-weight: 400;\">Para la prevenci\u00f3n del fraude y seguridad de los sistemas de informaci\u00f3n.<\/span><\/li>\n<\/ul>\n<p>&nbsp;<\/p>\n<h2><span style=\"font-weight: 400;\">Privacidad de Menores<\/span><\/h2>\n<p><b><i>Live and Stay<\/i><\/b><span style=\"font-weight: 400;\"> se compromete a proteger la privacidad de ni\u00f1os y j\u00f3venes, y por ello no acepta datos personales de menores de edad. Cualquier informaci\u00f3n registrada por menores de 18 a\u00f1os ser\u00e1 inmediatamente destruida.<\/span><\/p>\n<p>&nbsp;<\/p>\n<h2><span style=\"font-weight: 400;\">Intercambio de Datos Personales<\/span><\/h2>\n<p><span style=\"font-weight: 400;\">Para promocionar nuestros productos y servicios y\/o cumplir con los procedimientos internos, es posible que necesitemos designar otra organizaci\u00f3n que, bajo nuestra responsabilidad, procese o almacene sus datos personales. Dichas operaciones pueden incluir organizaciones de procesamiento de pagos, sistemas de contacto, sistemas de gesti\u00f3n de clientes o cualquier otro que resulte esencial para el funcionamiento de <\/span><b><i>Live and Stay<\/i><\/b><span style=\"font-weight: 400;\">.<\/span><\/p>\n<p><span style=\"font-weight: 400;\">Asimismo, es posible que necesitemos revelar sus datos personales a terceros para:<\/span><\/p>\n<ul>\n<li style=\"font-weight: 400;\" aria-level=\"1\"><span style=\"font-weight: 400;\">Cumplir con un deber legal o reglamentario;<\/span><\/li>\n<li style=\"font-weight: 400;\" aria-level=\"1\"><span style=\"font-weight: 400;\">Hacer cumplir nuestros T\u00e9rminos y Condiciones u otros procedimientos contractuales, si es necesario;<\/span><\/li>\n<li style=\"font-weight: 400;\" aria-level=\"1\"><span style=\"font-weight: 400;\">Asistir legalmente a las autoridades en la prevenci\u00f3n o detecci\u00f3n de delitos o actividades terroristas.<\/span><\/li>\n<\/ul>\n<p><span style=\"font-weight: 400;\">Para un correcto funcionamiento administrativo, es posible que necesitemos almacenar sus datos personales con nuestros socios, que han sido cuidadosamente seleccionados y que garantizan su total confidencialidad y seguridad. Estos socios pueden cambiar sin necesidad de previo aviso. Sin embargo, sus datos personales est\u00e1n seguros y no ser\u00e1n divulgados. Para la seguridad de sus datos personales, solo se compartir\u00e1n si usted ha dado su consentimiento expreso (al aceptar nuestros t\u00e9rminos y condiciones), o si se aplica alguno de los puntos mencionados anteriormente.<\/span><\/p>\n<p><span style=\"font-weight: 400;\">Algunas de las organizaciones con las que trabajamos pueden estar ubicadas fuera de Portugal y la Uni\u00f3n Europea, en pa\u00edses que no protegen sus datos tan exhaustivamente como en Portugal. En tales casos, tomaremos todas las medidas apropiadas para garantizar que sus datos se almacenen y protejan de acuerdo con nuestra pol\u00edtica de privacidad vigente.<\/span><\/p>\n<p>&nbsp;<\/p>\n<h2><span style=\"font-weight: 400;\">Cookies<\/span><\/h2>\n<p><span style=\"font-weight: 400;\">Las cookies se utilizan para proporcionar una mejor experiencia de navegaci\u00f3n y para controlar y analizar el uso del sitio web. Una cookie es un elemento de datos almacenado en su dispositivo. Algunas p\u00e1ginas pueden utilizar cookies para recopilar informaci\u00f3n de uso agregada para mejorar la funcionalidad del sitio. Las cookies tambi\u00e9n se pueden utilizar para recordar ciertas elecciones que usted realiza. Nuestras cookies no recopilan informaci\u00f3n personal. El usuario puede configurar su navegador para rechazar las cookies, sin embargo, en este caso, el sitio web o partes del mismo podr\u00edan no funcionar correctamente.<\/span><\/p>\n<p>&nbsp;<\/p>\n<h2><span style=\"font-weight: 400;\">Consentimiento del Interesado<\/span><\/h2>\n<p><span style=\"font-weight: 400;\">Al utilizar nuestro <\/span><i><span style=\"font-weight: 400;\">website<\/span><\/i><span style=\"font-weight: 400;\"> usted confirma que acepta los t\u00e9rminos de esta Pol\u00edtica de Privacidad, as\u00ed como nuestros T\u00e9rminos y Condiciones. Si no est\u00e1 de acuerdo con los t\u00e9rminos de nuestra Pol\u00edtica de Privacidad y nuestros T\u00e9rminos y Condiciones, se le solicita que no nos proporcione informaci\u00f3n personal y que deje de utilizar nuestro <\/span><i><span style=\"font-weight: 400;\">website<\/span><\/i><span style=\"font-weight: 400;\">.<\/span><\/p>\n<p>&nbsp;<\/p>\n<h2><span style=\"font-weight: 400;\">Conservaci\u00f3n de Datos Personales<\/span><\/h2>\n<p><span style=\"font-weight: 400;\">La informaci\u00f3n personal se almacenar\u00e1 durante un per\u00edodo m\u00ednimo de 5 a\u00f1os a partir de la fecha de recopilaci\u00f3n, a menos que la ley aplicable establezca otro per\u00edodo de retenci\u00f3n. Peri\u00f3dicamente, y si no se ha alojado en ning\u00fan alojamiento durante un periodo determinado, se podr\u00e1 eliminar informaci\u00f3n personal.<\/span><\/p>\n<p>&nbsp;<\/p>\n<h2><span style=\"font-weight: 400;\">Acceder, Cambiar y Eliminar Informaci\u00f3n Personal<\/span><\/h2>\n<p><span style=\"font-weight: 400;\">Puede acceder, corregir, a\u00f1adir, actualizar o eliminar sus datos personales contactando por correo electr\u00f3nico: geral@liveandstay.pt. Es posible que se le solicite que proporcione una copia de una identificaci\u00f3n v\u00e1lida para proteger la privacidad y confirmar la identidad antes de realizar cualquier cambio.<\/span><\/p>\n<p>&nbsp;<\/p>\n<h2><span style=\"font-weight: 400;\">Preguntas sobre la Pol\u00edtica de Privacidad<\/span><\/h2>\n<p><span style=\"font-weight: 400;\">Si desea contactarnos con cualquier pregunta relacionada con esta Pol\u00edtica de Privacidad, debe enviar un correo electr\u00f3nico a geral@liveandstay.pt.<\/span><\/p>\n<p>&nbsp;<\/p>\n<h2><span style=\"font-weight: 400;\">Fines estad\u00edsticos, Retargeting y Audiencias Personalizadas<\/span><\/h2>\n<p><span style=\"font-weight: 400;\">La informaci\u00f3n t\u00e9cnica, como el dispositivo y la IP, que recopilan las cookies se puede utilizar con fines estad\u00edsticos, segmentaci\u00f3n por comportamiento de la publicidad de <\/span><b><i>Live and Stay<\/i><\/b><span style=\"font-weight: 400;\"> y para el seguimiento de conversiones en el sitio web de <\/span><b><i>Live and Stay<\/i><\/b><span style=\"font-weight: 400;\"> (a trav\u00e9s de estad\u00edsticas, retargeting, audiencias personalizadas y Google Analytics, Google Ads). y seguimiento de conversiones de anuncios de Facebook). Por lo tanto, esta informaci\u00f3n t\u00e9cnica se compartir\u00e1 con Google y Facebook y usted podr\u00e1 ver anuncios <\/span><b><i>Live and Stay<\/i><\/b><span style=\"font-weight: 400;\"> en sitios web y aplicaciones de terceros desde las redes publicitarias de estas entidades. Sus datos personales, sin embargo, nunca ser\u00e1n recogidos por las cookies, por lo que nunca ser\u00e1n compartidos. Si no desea que se comparta esta informaci\u00f3n t\u00e9cnica, simplemente rechace las cookies.<\/span><\/p>\n<p>&nbsp;<\/p>\n<h2><span style=\"font-weight: 400;\">Resoluci\u00f3n Alternativa de Disputas del Consumidor (RAL)<\/span><\/h2>\n<p><span style=\"font-weight: 400;\">Entidad RALC (art.18 de la ley n\u00ba 144\/2015). En caso de controversia, el consumidor puede recurrir a una Entidad Alternativa de Resoluci\u00f3n de Controversias de Consumo (RALC): CNIACC \u2013 Centro Nacional de Informaci\u00f3n y Arbitraje de Conflictos de Consumo | Direcci\u00f3n: Facultad de Derecho de la Universidad Nova de Lisboa, Campus Campolide, 1099-032 Lisboa | Tel\u00e9fono: (+351) 21 384 74 84 (llamada a la red fija nacional) | Correo electr\u00f3nico: cniacc@fd.unl.pt | Sitio web: www.arbitragemdeconsumo.org | Facebook: www.facebook.com\/cniacc | Informaci\u00f3n en el Portal del Consumidor: www.consumidor.pt<\/span><\/p>\n<p>&nbsp;<\/p>\n<p><b><i>Live and Stay<\/i><\/b><span style=\"font-weight: 400;\">, febrero de 2025<\/span><\/p>\n<p><span style=\"font-weight: 400;\">La aceptaci\u00f3n de esta Pol\u00edtica de Privacidad tambi\u00e9n implica la aceptaci\u00f3n de nuestros T\u00e9rminos y condiciones.<\/span><\/p>\n<\/div>\n","protected":false},"excerpt":{"rendered":"<p>Su privacidad es muy importante para nosotros. LIVE AND STAY, UNIPESSOAL LDA, en adelante Live and Stay, con sede en Avenida M\u00e1rio Soares, Lote 37-B, Oficina 8, 2200-220 Abrantes, 2200-220 Abrantes, NIPC 518.025.365, es una empresa que se dedica, entre otros, a la gesti\u00f3n y explotaci\u00f3n de establecimientos hoteleros de distintos tipos, en concreto alojamiento [&hellip;]<\/p>\n","protected":false},"author":1,"featured_media":0,"parent":0,"menu_order":0,"comment_status":"closed","ping_status":"open","template":"","meta":{"inline_featured_image":false,"footnotes":"","_joinchat":[]},"_links":{"self":[{"href":"https:\/\/liveandstay.pt\/es\/wp-json\/wp\/v2\/pages\/3"}],"collection":[{"href":"https:\/\/liveandstay.pt\/es\/wp-json\/wp\/v2\/pages"}],"about":[{"href":"https:\/\/liveandstay.pt\/es\/wp-json\/wp\/v2\/types\/page"}],"author":[{"embeddable":true,"href":"https:\/\/liveandstay.pt\/es\/wp-json\/wp\/v2\/users\/1"}],"replies":[{"embeddable":true,"href":"https:\/\/liveandstay.pt\/es\/wp-json\/wp\/v2\/comments?post=3"}],"version-history":[{"count":8,"href":"https:\/\/liveandstay.pt\/es\/wp-json\/wp\/v2\/pages\/3\/revisions"}],"predecessor-version":[{"id":3026,"href":"https:\/\/liveandstay.pt\/es\/wp-json\/wp\/v2\/pages\/3\/revisions\/3026"}],"wp:attachment":[{"href":"https:\/\/liveandstay.pt\/es\/wp-json\/wp\/v2\/media?parent=3"}],"curies":[{"name":"wp","href":"https:\/\/api.w.org\/{rel}","templated":true}]}}