{"id":2798,"date":"2024-02-24T15:45:47","date_gmt":"2024-02-24T15:45:47","guid":{"rendered":"https:\/\/liveandstay.pt\/?page_id=2798"},"modified":"2024-02-27T14:23:23","modified_gmt":"2024-02-27T14:23:23","slug":"abrantes-vistas","status":"publish","type":"page","link":"https:\/\/liveandstay.pt\/fr\/abrantes-vistas\/","title":{"rendered":"Abrantes"},"content":{"rendered":"<p>[vc_row][vc_column][vc_gallery type=&#8221;image_grid&#8221; images=&#8221;2805,2807,2808,2809,2810,2811,2812,2813,2814,2815,2816,2817,2818,2806&#8243;][vc_column_text]<\/p>\n<p style=\"text-align: right;\">fotografia@CMA<\/p>\n<p>[\/vc_column_text][\/vc_column][\/vc_row][vc_row][vc_column][vc_empty_space height=&#8221;50px&#8221;]\t\t<div class=\"homey-module module-title section-title-module text-left \">\r\n\t\t\t<h2 >Casa da Barca<\/h2>\r\n\r\n\t\t\t<p  class=\"sub-heading\"><\/p>\r\n\t\t<\/div>\r\n\t\t[vc_column_text]<\/p>\n<div align=\"justify\">\n<p class=\"p1\">La Casa da Barca, enti\u00e8rement reconstruite, est situ\u00e9e dans le centre historique de la ville d&#8217;Abrantes, dans l&#8217;une des plus anciennes rues qui reliaient autrefois le ch\u00e2teau \u00e0 la rivi\u00e8re.<\/p>\n<p class=\"p1\">Son emplacement permet \u00e0 nos clients de trouver une vari\u00e9t\u00e9 d&#8217;espaces historiques et de profiter de petits coins et points de vue sur la ville, en parcourant tout \u00e0 pied.<\/p>\n<\/div>\n<p>[\/vc_column_text][\/vc_column][\/vc_row][vc_row][vc_column][vc_empty_space height=&#8221;50px&#8221;]\t\t<div class=\"homey-module module-title section-title-module text-left \">\r\n\t\t\t<h2 >The Orange Tree Houses<\/h2>\r\n\r\n\t\t\t<p  class=\"sub-heading\"><\/p>\r\n\t\t<\/div>\r\n\t\t[vc_column_text]<\/p>\n<div align=\"justify\">\n<p class=\"p1\">Situ\u00e9es \u00e0 la p\u00e9riph\u00e9rie de la ville d&#8217;Abrantes, dans une petite copropri\u00e9t\u00e9, The Orange Tree Houses est un ensemble de trois maisons enti\u00e8rement r\u00e9habilit\u00e9es qui ont permis de redonner vie \u00e0 un espace compl\u00e8tement abandonn\u00e9 et vacant.<\/p>\n<p class=\"p1\">Pour pouvoir profiter de la lumi\u00e8re de notre ville, une cour int\u00e9rieure a \u00e9t\u00e9 am\u00e9nag\u00e9e qui peut \u00e9galement servir de coin lecture et profiter de la tranquillit\u00e9 de nos installations. Dans cet espace priv\u00e9, dans nos trois logements, vous pourrez observer nos orangers qui donnent leur nom \u00e0 nos maisons.<\/p>\n<p class=\"p1\">Les Maisons des Orangers \u00ab Terrasse \u00bb, \u00ab Fa\u00e7ade \u00bb et \u00ab Vue Patio \u00bb, sont d\u00e9cor\u00e9es de mani\u00e8re moderne et contemporaine avec toutes les commodit\u00e9s pour passer un excellent s\u00e9jour, que ce soit pour les loisirs ou le travail.<\/p>\n<p class=\"p1\">La possibilit\u00e9 de ranger motos et v\u00e9los est une valeur ajout\u00e9e pour notre espace et id\u00e9ale pour ceux en voyage d&#8217;affaires ou pour le tourisme.<\/p>\n<p class=\"p1\">Ici vous pourrez profiter d&#8217;un emplacement calme et abrit\u00e9, \u00e0 5 minutes \u00e0 pied de la gare ou des commerces.<\/p>\n<\/div>\n<p>[\/vc_column_text][vc_empty_space height=&#8221;50px&#8221;][\/vc_column][\/vc_row]<\/p>\n","protected":false},"excerpt":{"rendered":"<p>[vc_row][vc_column][vc_gallery type=&#8221;image_grid&#8221; images=&#8221;2805,2807,2808,2809,2810,2811,2812,2813,2814,2815,2816,2817,2818,2806&#8243;][vc_column_text] fotografia@CMA [\/vc_column_text][\/vc_column][\/vc_row][vc_row][vc_column][vc_empty_space height=&#8221;50px&#8221;][vc_column_text] La Casa da Barca, enti\u00e8rement reconstruite, est situ\u00e9e dans le centre historique de la ville d&#8217;Abrantes, dans l&#8217;une des plus anciennes rues qui reliaient autrefois le ch\u00e2teau \u00e0 la rivi\u00e8re. Son emplacement permet \u00e0 nos clients de trouver une vari\u00e9t\u00e9 d&#8217;espaces historiques et de profiter de petits coins et [&hellip;]<\/p>\n","protected":false},"author":1,"featured_media":0,"parent":0,"menu_order":0,"comment_status":"closed","ping_status":"closed","template":"","meta":{"inline_featured_image":false,"footnotes":"","_joinchat":[]},"_links":{"self":[{"href":"https:\/\/liveandstay.pt\/fr\/wp-json\/wp\/v2\/pages\/2798"}],"collection":[{"href":"https:\/\/liveandstay.pt\/fr\/wp-json\/wp\/v2\/pages"}],"about":[{"href":"https:\/\/liveandstay.pt\/fr\/wp-json\/wp\/v2\/types\/page"}],"author":[{"embeddable":true,"href":"https:\/\/liveandstay.pt\/fr\/wp-json\/wp\/v2\/users\/1"}],"replies":[{"embeddable":true,"href":"https:\/\/liveandstay.pt\/fr\/wp-json\/wp\/v2\/comments?post=2798"}],"version-history":[{"count":12,"href":"https:\/\/liveandstay.pt\/fr\/wp-json\/wp\/v2\/pages\/2798\/revisions"}],"predecessor-version":[{"id":2862,"href":"https:\/\/liveandstay.pt\/fr\/wp-json\/wp\/v2\/pages\/2798\/revisions\/2862"}],"wp:attachment":[{"href":"https:\/\/liveandstay.pt\/fr\/wp-json\/wp\/v2\/media?parent=2798"}],"curies":[{"name":"wp","href":"https:\/\/api.w.org\/{rel}","templated":true}]}}