{"id":1292,"date":"2018-10-25T15:26:09","date_gmt":"2018-10-25T15:26:09","guid":{"rendered":"http:\/\/wordpress-89239-751427.cloudwaysapps.com\/?page_id=1292"},"modified":"2024-02-24T15:10:09","modified_gmt":"2024-02-24T15:10:09","slug":"about-homey","status":"publish","type":"page","link":"https:\/\/liveandstay.pt\/pt\/about-homey\/","title":{"rendered":"About Homey"},"content":{"rendered":"<p>[vc_row css=&#8221;.vc_custom_1540484653733{margin-bottom: 30px !important;padding-right: 30px !important;padding-left: 30px !important;background-color: #ffffff !important;}&#8221;][vc_column]\t\t<div class=\"homey-module module-title section-title-module text-left \">\r\n\t\t\t<h2 >Live and Stay<\/h2>\r\n\r\n\t\t\t<p  class=\"sub-heading\"><\/p>\r\n\t\t<\/div>\r\n\t\t[vc_row_inner][vc_column_inner][vc_column_text]<\/p>\n<div align=\"justify\">\n<p class=\"p1\">A Live and Stay \u00e9 um projeto no setor do turismo. Desenvolvemos a nossa atividade na gest\u00e3o e explora\u00e7\u00e3o de diversas tipologias de unidades tur\u00edsticas na cidade de Abrantes.<\/p>\n<p class=\"p1\">Trabalhamos a gest\u00e3o de im\u00f3veis em regime de alojamento local (short-term) e na gest\u00e3o e arrendamento de im\u00f3veis por per\u00edodos mais longos (mid-term).<\/p>\n<p class=\"p1\">Com alojamentos localizados no centro e na periferia da zona urbana de Abrantes, o nosso compromisso \u00e9 proporcionar aos nossos h\u00f3spedes toda a comodidade necess\u00e1ria para uma estadia agrad\u00e1vel.<\/p>\n<p class=\"p1\">Todos os nossos alojamentos encontram-se decorados de forma moderna e contempor\u00e2nea.<\/p>\n<p class=\"p1\">Independentemente do motivo da sua visita, seja lazer ou trabalho, encontrar\u00e1 nos nossos alojamentos tudo o que necessita, para uma excelente estadia.<\/p>\n<p class=\"p1\">Live and Stay with us!<\/p>\n<\/div>\n<p>[\/vc_column_text][\/vc_column_inner][\/vc_row_inner][vc_empty_space height=&#8221;75&#8243;][\/vc_column][\/vc_row][vc_row disable_element=&#8221;yes&#8221; css=&#8221;.vc_custom_1708786566055{margin-bottom: 30px !important;padding-right: 30px !important;padding-left: 30px !important;background-color: #ffffff !important;}&#8221;][vc_column]\t\t<div class=\"homey-module module-title section-title-module text-left \">\r\n\t\t\t<h2 >Our Team<\/h2>\r\n\r\n\t\t\t<p  class=\"sub-heading\"><\/p>\r\n\t\t<\/div>\r\n\t\t<div style=\"clear:both; width:100%; height:20px\"><\/div>[vc_row_inner equal_height=&#8221;yes&#8221;][vc_column_inner width=&#8221;1\/3&#8243;]\t\t<div class=\"item-promo\">\r\n\t\t\t<div class=\"media\">\r\n\t\t\t\t\t\t\t\t<div class=\"item-promo-image\">\r\n\t\t\t\t\t<div class=\"item-media item-media-thumb\">\r\n\t\t\t\t\t\t<a href=\"\">\r\n\t\t\t\t\t\t\t\t\t\t\t\t\t<\/a>\r\n\t\t\t\t\t<\/div>\r\n\t\t\t\t<\/div>\r\n\t\t\t\t\t\t\t\t<div class=\"media-body item-body\">\r\n\t\t\t\t\t<div class=\"item-title-head\">\r\n\t\t\t\t\t\t<div class=\"text-left\">\r\n\t\t\t\t\t\t\t<h2 class=\"title\">\r\n\t\t\t\t\t\t\t\t<a href=\"\">Quality<\/a>\r\n\t\t\t\t\t\t\t<\/h2>\r\n\t\t\t\t\t\t\t<\/p>\n<div class=\"elementor-column elementor-col-33 elementor-inner-column elementor-element elementor-element-7742097\" data-id=\"7742097\" data-element_type=\"column\">\n<div class=\"elementor-column-wrap elementor-element-populated\">\n<div class=\"elementor-widget-wrap\">\n<div class=\"elementor-element elementor-element-fdcf6f3 elementor-widget elementor-widget-text-editor\" data-id=\"fdcf6f3\" data-element_type=\"widget\" data-widget_type=\"text-editor.default\">\n<div class=\"elementor-widget-container\">\n<div class=\"elementor-text-editor elementor-clearfix\">\n<p>Lorem ipsum dolor sit amet, consectetur adipiscing elit. Quisque quis ligula eu lectus vulputate porttitor sed feugiat nunc. Mauris ac consectetur ante, dapibus gravida tellus. Nullam aliquet eleifend dapibus.<\/p><\/div>\n<\/div>\n<\/div>\n<\/div>\n<\/div>\n<\/div>\n<p>\t\t\t\t\t\t<\/div>\r\n\t\t\t\t\t<\/div>\r\n\t\t\t\t\t\t\t\t\t<\/div>\r\n\t\t\t<\/div>\r\n\t\t<\/div>\r\n\r\n\t\t[\/vc_column_inner][vc_column_inner width=&#8221;1\/3&#8243;]\t\t<div class=\"item-promo\">\r\n\t\t\t<div class=\"media\">\r\n\t\t\t\t\t\t\t\t<div class=\"item-promo-image\">\r\n\t\t\t\t\t<div class=\"item-media item-media-thumb\">\r\n\t\t\t\t\t\t<a href=\"\">\r\n\t\t\t\t\t\t\t\t\t\t\t\t\t<\/a>\r\n\t\t\t\t\t<\/div>\r\n\t\t\t\t<\/div>\r\n\t\t\t\t\t\t\t\t<div class=\"media-body item-body\">\r\n\t\t\t\t\t<div class=\"item-title-head\">\r\n\t\t\t\t\t\t<div class=\"text-left\">\r\n\t\t\t\t\t\t\t<h2 class=\"title\">\r\n\t\t\t\t\t\t\t\t<a href=\"\">Teamwork<\/a>\r\n\t\t\t\t\t\t\t<\/h2>\r\n\t\t\t\t\t\t\t<\/p>\n<div class=\"elementor-column elementor-col-33 elementor-inner-column elementor-element elementor-element-7742097\" data-id=\"7742097\" data-element_type=\"column\">\n<div class=\"elementor-column-wrap elementor-element-populated\">\n<div class=\"elementor-widget-wrap\">\n<div class=\"elementor-element elementor-element-fdcf6f3 elementor-widget elementor-widget-text-editor\" data-id=\"fdcf6f3\" data-element_type=\"widget\" data-widget_type=\"text-editor.default\">\n<div class=\"elementor-widget-container\">\n<div class=\"elementor-text-editor elementor-clearfix\">\n<p>Lorem ipsum dolor sit amet, consectetur adipiscing elit. Quisque quis ligula eu lectus vulputate porttitor sed feugiat nunc. Mauris ac consectetur ante, dapibus gravida tellus. Nullam aliquet eleifend dapibus.<\/p><\/div>\n<\/div>\n<\/div>\n<\/div>\n<\/div>\n<\/div>\n<p>\t\t\t\t\t\t<\/div>\r\n\t\t\t\t\t<\/div>\r\n\t\t\t\t\t\t\t\t\t<\/div>\r\n\t\t\t<\/div>\r\n\t\t<\/div>\r\n\r\n\t\t[\/vc_column_inner][vc_column_inner width=&#8221;1\/3&#8243;]\t\t<div class=\"item-promo\">\r\n\t\t\t<div class=\"media\">\r\n\t\t\t\t\t\t\t\t<div class=\"item-promo-image\">\r\n\t\t\t\t\t<div class=\"item-media item-media-thumb\">\r\n\t\t\t\t\t\t<a href=\"\">\r\n\t\t\t\t\t\t\t\t\t\t\t\t\t<\/a>\r\n\t\t\t\t\t<\/div>\r\n\t\t\t\t<\/div>\r\n\t\t\t\t\t\t\t\t<div class=\"media-body item-body\">\r\n\t\t\t\t\t<div class=\"item-title-head\">\r\n\t\t\t\t\t\t<div class=\"text-left\">\r\n\t\t\t\t\t\t\t<h2 class=\"title\">\r\n\t\t\t\t\t\t\t\t<a href=\"\">Respect<\/a>\r\n\t\t\t\t\t\t\t<\/h2>\r\n\t\t\t\t\t\t\t<\/p>\n<div class=\"elementor-column elementor-col-33 elementor-inner-column elementor-element elementor-element-7742097\" data-id=\"7742097\" data-element_type=\"column\">\n<div class=\"elementor-column-wrap elementor-element-populated\">\n<div class=\"elementor-widget-wrap\">\n<div class=\"elementor-element elementor-element-fdcf6f3 elementor-widget elementor-widget-text-editor\" data-id=\"fdcf6f3\" data-element_type=\"widget\" data-widget_type=\"text-editor.default\">\n<div class=\"elementor-widget-container\">\n<div class=\"elementor-text-editor elementor-clearfix\">\n<p>Lorem ipsum dolor sit amet, consectetur adipiscing elit. Quisque quis ligula eu lectus vulputate porttitor sed feugiat nunc. Mauris ac consectetur ante, dapibus gravida tellus. Nullam aliquet eleifend dapibus.<\/p><\/div>\n<\/div>\n<\/div>\n<\/div>\n<\/div>\n<\/div>\n<p>\t\t\t\t\t\t<\/div>\r\n\t\t\t\t\t<\/div>\r\n\t\t\t\t\t\t\t\t\t<\/div>\r\n\t\t\t<\/div>\r\n\t\t<\/div>\r\n\r\n\t\t[\/vc_column_inner][\/vc_row_inner][vc_row_inner equal_height=&#8221;yes&#8221;][vc_column_inner width=&#8221;1\/3&#8243;]\t\t<div class=\"item-promo\">\r\n\t\t\t<div class=\"media\">\r\n\t\t\t\t\t\t\t\t<div class=\"item-promo-image\">\r\n\t\t\t\t\t<div class=\"item-media item-media-thumb\">\r\n\t\t\t\t\t\t<a href=\"\">\r\n\t\t\t\t\t\t\t<img loading=\"lazy\" decoding=\"async\" width=\"750\" height=\"500\" src=\"https:\/\/liveandstay.pt\/wp-content\/uploads\/2018\/10\/33-750x500-1.jpg\" class=\"img-responsive\" alt=\"\" srcset=\"https:\/\/liveandstay.pt\/wp-content\/uploads\/2018\/10\/33-750x500-1.jpg 750w, https:\/\/liveandstay.pt\/wp-content\/uploads\/2018\/10\/33-750x500-1-300x200.jpg 300w, https:\/\/liveandstay.pt\/wp-content\/uploads\/2018\/10\/33-750x500-1-450x300.jpg 450w, https:\/\/liveandstay.pt\/wp-content\/uploads\/2018\/10\/33-750x500-1-120x80.jpg 120w\" sizes=\"(max-width: 750px) 100vw, 750px\" \/>\t\t\t\t\t\t<\/a>\r\n\t\t\t\t\t<\/div>\r\n\t\t\t\t<\/div>\r\n\t\t\t\t\t\t\t\t<div class=\"media-body item-body\">\r\n\t\t\t\t\t<div class=\"item-title-head\">\r\n\t\t\t\t\t\t<div class=\"text-left\">\r\n\t\t\t\t\t\t\t<h2 class=\"title\">\r\n\t\t\t\t\t\t\t\t<a href=\"\">Integrity<\/a>\r\n\t\t\t\t\t\t\t<\/h2>\r\n\t\t\t\t\t\t\t<\/p>\n<div class=\"elementor-column elementor-col-33 elementor-inner-column elementor-element elementor-element-7742097\" data-id=\"7742097\" data-element_type=\"column\">\n<div class=\"elementor-column-wrap elementor-element-populated\">\n<div class=\"elementor-widget-wrap\">\n<div class=\"elementor-element elementor-element-fdcf6f3 elementor-widget elementor-widget-text-editor\" data-id=\"fdcf6f3\" data-element_type=\"widget\" data-widget_type=\"text-editor.default\">\n<div class=\"elementor-widget-container\">\n<div class=\"elementor-text-editor elementor-clearfix\">\n<p>Lorem ipsum dolor sit amet, consectetur adipiscing elit. Quisque quis ligula eu lectus vulputate porttitor sed feugiat nunc. Mauris ac consectetur ante, dapibus gravida tellus. Nullam aliquet eleifend dapibus.<\/p><\/div>\n<\/div>\n<\/div>\n<\/div>\n<\/div>\n<\/div>\n<p>\t\t\t\t\t\t<\/div>\r\n\t\t\t\t\t<\/div>\r\n\t\t\t\t\t\t\t\t\t<\/div>\r\n\t\t\t<\/div>\r\n\t\t<\/div>\r\n\r\n\t\t[\/vc_column_inner][vc_column_inner width=&#8221;1\/3&#8243;]\t\t<div class=\"item-promo\">\r\n\t\t\t<div class=\"media\">\r\n\t\t\t\t\t\t\t\t<div class=\"item-promo-image\">\r\n\t\t\t\t\t<div class=\"item-media item-media-thumb\">\r\n\t\t\t\t\t\t<a href=\"\">\r\n\t\t\t\t\t\t\t<img loading=\"lazy\" decoding=\"async\" width=\"889\" height=\"500\" src=\"https:\/\/liveandstay.pt\/wp-content\/uploads\/2018\/10\/02-2-889x500-1.jpg\" class=\"img-responsive\" alt=\"\" srcset=\"https:\/\/liveandstay.pt\/wp-content\/uploads\/2018\/10\/02-2-889x500-1.jpg 889w, https:\/\/liveandstay.pt\/wp-content\/uploads\/2018\/10\/02-2-889x500-1-300x169.jpg 300w, https:\/\/liveandstay.pt\/wp-content\/uploads\/2018\/10\/02-2-889x500-1-768x432.jpg 768w\" sizes=\"(max-width: 889px) 100vw, 889px\" \/>\t\t\t\t\t\t<\/a>\r\n\t\t\t\t\t<\/div>\r\n\t\t\t\t<\/div>\r\n\t\t\t\t\t\t\t\t<div class=\"media-body item-body\">\r\n\t\t\t\t\t<div class=\"item-title-head\">\r\n\t\t\t\t\t\t<div class=\"text-left\">\r\n\t\t\t\t\t\t\t<h2 class=\"title\">\r\n\t\t\t\t\t\t\t\t<a href=\"\">Responsibility<\/a>\r\n\t\t\t\t\t\t\t<\/h2>\r\n\t\t\t\t\t\t\t<\/p>\n<div class=\"elementor-column elementor-col-33 elementor-inner-column elementor-element elementor-element-7742097\" data-id=\"7742097\" data-element_type=\"column\">\n<div class=\"elementor-column-wrap elementor-element-populated\">\n<div class=\"elementor-widget-wrap\">\n<div class=\"elementor-element elementor-element-fdcf6f3 elementor-widget elementor-widget-text-editor\" data-id=\"fdcf6f3\" data-element_type=\"widget\" data-widget_type=\"text-editor.default\">\n<div class=\"elementor-widget-container\">\n<div class=\"elementor-text-editor elementor-clearfix\">\n<p>Lorem ipsum dolor sit amet, consectetur adipiscing elit. Quisque quis ligula eu lectus vulputate porttitor sed feugiat nunc. Mauris ac consectetur ante, dapibus gravida tellus. Nullam aliquet eleifend dapibus.<\/p><\/div>\n<\/div>\n<\/div>\n<\/div>\n<\/div>\n<\/div>\n<p>\t\t\t\t\t\t<\/div>\r\n\t\t\t\t\t<\/div>\r\n\t\t\t\t\t\t\t\t\t<\/div>\r\n\t\t\t<\/div>\r\n\t\t<\/div>\r\n\r\n\t\t[\/vc_column_inner][vc_column_inner width=&#8221;1\/3&#8243;]\t\t<div class=\"item-promo\">\r\n\t\t\t<div class=\"media\">\r\n\t\t\t\t\t\t\t\t<div class=\"item-promo-image\">\r\n\t\t\t\t\t<div class=\"item-media item-media-thumb\">\r\n\t\t\t\t\t\t<a href=\"\">\r\n\t\t\t\t\t\t\t<img loading=\"lazy\" decoding=\"async\" width=\"750\" height=\"500\" src=\"https:\/\/liveandstay.pt\/wp-content\/uploads\/2018\/10\/00_bathroom-2-750x500-2.jpg\" class=\"img-responsive\" alt=\"\" srcset=\"https:\/\/liveandstay.pt\/wp-content\/uploads\/2018\/10\/00_bathroom-2-750x500-2.jpg 750w, https:\/\/liveandstay.pt\/wp-content\/uploads\/2018\/10\/00_bathroom-2-750x500-2-300x200.jpg 300w, https:\/\/liveandstay.pt\/wp-content\/uploads\/2018\/10\/00_bathroom-2-750x500-2-450x300.jpg 450w, https:\/\/liveandstay.pt\/wp-content\/uploads\/2018\/10\/00_bathroom-2-750x500-2-120x80.jpg 120w\" sizes=\"(max-width: 750px) 100vw, 750px\" \/>\t\t\t\t\t\t<\/a>\r\n\t\t\t\t\t<\/div>\r\n\t\t\t\t<\/div>\r\n\t\t\t\t\t\t\t\t<div class=\"media-body item-body\">\r\n\t\t\t\t\t<div class=\"item-title-head\">\r\n\t\t\t\t\t\t<div class=\"text-left\">\r\n\t\t\t\t\t\t\t<h2 class=\"title\">\r\n\t\t\t\t\t\t\t\t<a href=\"\">Innovative<\/a>\r\n\t\t\t\t\t\t\t<\/h2>\r\n\t\t\t\t\t\t\t<\/p>\n<div class=\"elementor-column elementor-col-33 elementor-inner-column elementor-element elementor-element-7742097\" data-id=\"7742097\" data-element_type=\"column\">\n<div class=\"elementor-column-wrap elementor-element-populated\">\n<div class=\"elementor-widget-wrap\">\n<div class=\"elementor-element elementor-element-fdcf6f3 elementor-widget elementor-widget-text-editor\" data-id=\"fdcf6f3\" data-element_type=\"widget\" data-widget_type=\"text-editor.default\">\n<div class=\"elementor-widget-container\">\n<div class=\"elementor-text-editor elementor-clearfix\">\n<p>Lorem ipsum dolor sit amet, consectetur adipiscing elit. Quisque quis ligula eu lectus vulputate porttitor sed feugiat nunc. Mauris ac consectetur ante, dapibus gravida tellus. Nullam aliquet eleifend dapibus.<\/p><\/div>\n<\/div>\n<\/div>\n<\/div>\n<\/div>\n<\/div>\n<p>\t\t\t\t\t\t<\/div>\r\n\t\t\t\t\t<\/div>\r\n\t\t\t\t\t\t\t\t\t<\/div>\r\n\t\t\t<\/div>\r\n\t\t<\/div>\r\n\r\n\t\t[\/vc_column_inner][\/vc_row_inner][\/vc_column][\/vc_row]<\/p>\n","protected":false},"excerpt":{"rendered":"<p>[vc_row css=&#8221;.vc_custom_1540484653733{margin-bottom: 30px !important;padding-right: 30px !important;padding-left: 30px !important;background-color: #ffffff !important;}&#8221;][vc_column][vc_row_inner][vc_column_inner][vc_column_text] A Live and Stay \u00e9 um projeto no setor do turismo. Desenvolvemos a nossa atividade na gest\u00e3o e explora\u00e7\u00e3o de diversas tipologias de unidades tur\u00edsticas na cidade de Abrantes. Trabalhamos a gest\u00e3o de im\u00f3veis em regime de alojamento local (short-term) e na gest\u00e3o e arrendamento [&hellip;]<\/p>\n","protected":false},"author":1,"featured_media":0,"parent":0,"menu_order":0,"comment_status":"closed","ping_status":"closed","template":"template\/template-homepage.php","meta":{"inline_featured_image":false,"footnotes":"","_joinchat":[]},"_links":{"self":[{"href":"https:\/\/liveandstay.pt\/pt\/wp-json\/wp\/v2\/pages\/1292"}],"collection":[{"href":"https:\/\/liveandstay.pt\/pt\/wp-json\/wp\/v2\/pages"}],"about":[{"href":"https:\/\/liveandstay.pt\/pt\/wp-json\/wp\/v2\/types\/page"}],"author":[{"embeddable":true,"href":"https:\/\/liveandstay.pt\/pt\/wp-json\/wp\/v2\/users\/1"}],"replies":[{"embeddable":true,"href":"https:\/\/liveandstay.pt\/pt\/wp-json\/wp\/v2\/comments?post=1292"}],"version-history":[{"count":7,"href":"https:\/\/liveandstay.pt\/pt\/wp-json\/wp\/v2\/pages\/1292\/revisions"}],"predecessor-version":[{"id":2796,"href":"https:\/\/liveandstay.pt\/pt\/wp-json\/wp\/v2\/pages\/1292\/revisions\/2796"}],"wp:attachment":[{"href":"https:\/\/liveandstay.pt\/pt\/wp-json\/wp\/v2\/media?parent=1292"}],"curies":[{"name":"wp","href":"https:\/\/api.w.org\/{rel}","templated":true}]}}