{"id":2798,"date":"2024-02-24T15:45:47","date_gmt":"2024-02-24T15:45:47","guid":{"rendered":"https:\/\/liveandstay.pt\/?page_id=2798"},"modified":"2024-02-27T14:23:23","modified_gmt":"2024-02-27T14:23:23","slug":"abrantes-vistas","status":"publish","type":"page","link":"https:\/\/liveandstay.pt\/pt\/abrantes-vistas\/","title":{"rendered":"Abrantes"},"content":{"rendered":"<p>[vc_row][vc_column][vc_gallery type=&#8221;image_grid&#8221; images=&#8221;2805,2807,2808,2809,2810,2811,2812,2813,2814,2815,2816,2817,2818,2806&#8243;][vc_column_text]<\/p>\n<p style=\"text-align: right;\">fotografia@CMA<\/p>\n<p>[\/vc_column_text][\/vc_column][\/vc_row][vc_row][vc_column][vc_empty_space height=&#8221;50px&#8221;]\t\t<div class=\"homey-module module-title section-title-module text-left \">\r\n\t\t\t<h2 >Casa da Barca<\/h2>\r\n\r\n\t\t\t<p  class=\"sub-heading\"><\/p>\r\n\t\t<\/div>\r\n\t\t[vc_column_text]<\/p>\n<div align=\"justify\">\n<p class=\"p1\">A Casa da Barca, totalmente reconstru\u00edda, situa-se no centro hist\u00f3rico da cidade de Abrantes, numa das ruas mais antigas e que outrora fazia a liga\u00e7\u00e3o do Castelo ao rio.<\/p>\n<p class=\"p1\">A sua localiza\u00e7\u00e3o permite que os nossos h\u00f3spedes possam encontrar uma variedade de espa\u00e7os hist\u00f3ricos e desfrutar de pequenos recantos e miradouros da cidade percorrendo tudo a p\u00e9.<\/p>\n<\/div>\n<p>[\/vc_column_text][\/vc_column][\/vc_row][vc_row][vc_column][vc_empty_space height=&#8221;50px&#8221;]\t\t<div class=\"homey-module module-title section-title-module text-left \">\r\n\t\t\t<h2 >The Orange Tree Houses<\/h2>\r\n\r\n\t\t\t<p  class=\"sub-heading\"><\/p>\r\n\t\t<\/div>\r\n\t\t[vc_column_text]<\/p>\n<div align=\"justify\">\n<p class=\"p1\">Localizada na periferia da cidade de Abrantes, num pequeno condom\u00ednio, The Orange Tree Houses \u00e9 um conjunto de tr\u00eas moradias totalmente reabilitadas que permitiu dar uma nova vida a um espa\u00e7o totalmente abandonado e devoluto.<\/p>\n<p class=\"p1\">Para poder desfrutar da luz da nossa cidade, desenvolveu-se um p\u00e1tio interior que pode tamb\u00e9m ser usado como zona de leitura e de usufruto da tranquilidade das nossas instala\u00e7\u00f5es. Neste espa\u00e7o privado, \u00e0s nossas tr\u00eas unidades de alojamento, pode observar as nossas laranjeiras que d\u00e3o nome \u00e0s nossas casas.<\/p>\n<p class=\"p1\">The Orange Tree Houses \u201cTerra\u00e7o\u201d, \u201cFrente\u201d e \u201cvista P\u00e1tio\u201d, encontram-se decoradas de forma moderna e contempor\u00e2nea com todas as comodidades para ter uma excelente estadia, quer em lazer quer em trabalho.<\/p>\n<p class=\"p1\">A possibilidade de guardar motos e bikes \u00e9 uma mais valia para o nosso espa\u00e7o e o ideal para quem est\u00e1 em viagem de neg\u00f3cios ou em turismo.<\/p>\n<p class=\"p1\">Aqui poder\u00e1 usufruir de uma localiza\u00e7\u00e3o calma e resguardada, a 5 minutos a p\u00e9 da esta\u00e7\u00e3o de comboios ou do com\u00e9rcio.<\/p>\n<\/div>\n<p>[\/vc_column_text][vc_empty_space height=&#8221;50px&#8221;][\/vc_column][\/vc_row]<\/p>\n","protected":false},"excerpt":{"rendered":"<p>[vc_row][vc_column][vc_gallery type=&#8221;image_grid&#8221; images=&#8221;2805,2807,2808,2809,2810,2811,2812,2813,2814,2815,2816,2817,2818,2806&#8243;][vc_column_text] fotografia@CMA [\/vc_column_text][\/vc_column][\/vc_row][vc_row][vc_column][vc_empty_space height=&#8221;50px&#8221;][vc_column_text] A Casa da Barca, totalmente reconstru\u00edda, situa-se no centro hist\u00f3rico da cidade de Abrantes, numa das ruas mais antigas e que outrora fazia a liga\u00e7\u00e3o do Castelo ao rio. A sua localiza\u00e7\u00e3o permite que os nossos h\u00f3spedes possam encontrar uma variedade de espa\u00e7os hist\u00f3ricos e desfrutar de pequenos recantos [&hellip;]<\/p>\n","protected":false},"author":1,"featured_media":0,"parent":0,"menu_order":0,"comment_status":"closed","ping_status":"closed","template":"","meta":{"inline_featured_image":false,"footnotes":"","_joinchat":[]},"_links":{"self":[{"href":"https:\/\/liveandstay.pt\/pt\/wp-json\/wp\/v2\/pages\/2798"}],"collection":[{"href":"https:\/\/liveandstay.pt\/pt\/wp-json\/wp\/v2\/pages"}],"about":[{"href":"https:\/\/liveandstay.pt\/pt\/wp-json\/wp\/v2\/types\/page"}],"author":[{"embeddable":true,"href":"https:\/\/liveandstay.pt\/pt\/wp-json\/wp\/v2\/users\/1"}],"replies":[{"embeddable":true,"href":"https:\/\/liveandstay.pt\/pt\/wp-json\/wp\/v2\/comments?post=2798"}],"version-history":[{"count":12,"href":"https:\/\/liveandstay.pt\/pt\/wp-json\/wp\/v2\/pages\/2798\/revisions"}],"predecessor-version":[{"id":2862,"href":"https:\/\/liveandstay.pt\/pt\/wp-json\/wp\/v2\/pages\/2798\/revisions\/2862"}],"wp:attachment":[{"href":"https:\/\/liveandstay.pt\/pt\/wp-json\/wp\/v2\/media?parent=2798"}],"curies":[{"name":"wp","href":"https:\/\/api.w.org\/{rel}","templated":true}]}}